{"id":114,"date":"2025-09-05T20:55:52","date_gmt":"2025-09-05T20:55:52","guid":{"rendered":"https:\/\/www.milevachs.cz\/?page_id=114"},"modified":"2025-09-05T21:56:35","modified_gmt":"2025-09-05T21:56:35","slug":"o-plemeni","status":"publish","type":"page","link":"https:\/\/www.milevachs.cz\/?page_id=114","title":{"rendered":"O plemeni\u00a0"},"content":{"rendered":"\n<h1 class=\"wp-block-heading\">N\u011bvsk\u00e1 ma\u0161kar\u00e1da (NEM)<\/h1>\n\n\n\n<h2 class=\"wp-block-heading\">Historie plemene<\/h2>\n\n\n\n<ul class=\"wp-block-list\">\n<li>Jde o <strong>colourpoint<\/strong> variantu sibi\u0159sk\u00e9 ko\u010dky; jako samostatn\u00e1 sestersk\u00e1 varianta je v Evrop\u011b chovan\u00e1 od 80.\u201390. let (Sankt-Pet\u011brburg, \u201eNeva\u201c). FIFe ji <strong>odd\u011blila jako plemeno \u201eNEM\u201c v roce 2011<\/strong> (Sibi\u0159sk\u00e1 \u201eSIB\u201c uzn\u00e1na 1997). <a href=\"https:\/\/fifeweb.org\/wp-content\/uploads\/2023\/10\/SIB-NEM.pdf\" target=\"_blank\" rel=\"noreferrer noopener\">F\u00e9d\u00e9ration Internationale F\u00e9line<\/a><a href=\"https:\/\/en.wikipedia.org\/wiki\/Neva_Masquerade?utm_source=chatgpt.com\" target=\"_blank\" rel=\"noreferrer noopener\">Wikipedia<\/a><\/li>\n<\/ul>\n\n\n\n<h2 class=\"wp-block-heading\">Standard NEM u FIFe (stru\u010dn\u011b)<\/h2>\n\n\n\n<ul class=\"wp-block-list\">\n<li><strong>Kategorie:<\/strong> 2 (polodlouhosrst\u00e9). <strong>EMS k\u00f3d plemene:<\/strong> NEM. <a href=\"https:\/\/fifeweb.org\/cats\/breeds\/\" target=\"_blank\" rel=\"noreferrer noopener\">F\u00e9d\u00e9ration Internationale F\u00e9line<\/a><\/li>\n\n\n\n<li><strong>Velikost a stavba:<\/strong> st\u0159edn\u00ed a\u017e velk\u00e1, robustn\u00ed, obd\u00e9ln\u00edkov\u00fd r\u00e1mec, siln\u00e1 kostra a hrudn\u00edk. <a href=\"https:\/\/fifeweb.org\/wp-content\/uploads\/2023\/10\/SIB-NEM.pdf\" target=\"_blank\" rel=\"noreferrer noopener\">F\u00e9d\u00e9ration Internationale F\u00e9line<\/a><\/li>\n\n\n\n<li><strong>Hlava:<\/strong> m\u00edrn\u011b del\u0161\u00ed ne\u017e \u0161irok\u00e1, m\u011bkce zaoblen\u00e1; st\u0159edn\u011b dlouh\u00fd \u0161irok\u00fd nos s lehk\u00fdm prohnut\u00edm bez stopu; brada lehce ustupuj\u00edc\u00ed. <a href=\"https:\/\/fifeweb.org\/wp-content\/uploads\/2023\/10\/SIB-NEM.pdf\" target=\"_blank\" rel=\"noreferrer noopener\">F\u00e9d\u00e9ration Internationale F\u00e9line<\/a><\/li>\n\n\n\n<li><strong>U\u0161i:<\/strong> st\u0159edn\u00ed, \u0161irok\u00e9 u b\u00e1ze, zaoblen\u00e9 \u0161pi\u010dky, dob\u0159e osrst\u011bn\u00e9 (tufy v\u00edtan\u00e9). <strong>O\u010di:<\/strong> velk\u00e9, lehce ov\u00e1ln\u00e9, posazen\u00e9 ze\u0161ikma \u2013 <strong>barva v\u017edy modr\u00e1 (\u010d\u00edm intenzivn\u011bj\u0161\u00ed, t\u00edm l\u00e9pe).<\/strong> <a href=\"https:\/\/fifeweb.org\/wp-content\/uploads\/2023\/10\/SIB-NEM.pdf\" target=\"_blank\" rel=\"noreferrer noopener\">F\u00e9d\u00e9ration Internationale F\u00e9line<\/a><\/li>\n\n\n\n<li><strong>Ocas:<\/strong> st\u0159edn\u011b dlouh\u00fd, siln\u00fd, se zaoblenou \u0161pi\u010dkou. <strong>Tlapy:<\/strong> velk\u00e9, kulat\u00e9, s prstn\u00edmi tufy. <a href=\"https:\/\/fifeweb.org\/wp-content\/uploads\/2023\/10\/SIB-NEM.pdf\" target=\"_blank\" rel=\"noreferrer noopener\">F\u00e9d\u00e9ration Internationale F\u00e9line<\/a><\/li>\n\n\n\n<li><strong>Srst:<\/strong> polodlouh\u00e1, velmi hust\u00e1, s nepol\u00e9haj\u00edc\u00edm podsad\u00edm; kryc\u00ed chlup vodoodpudiv\u00fd, na dotek lehce tvrd\u0161\u00ed; v zim\u011b v\u00fdrazn\u00fd l\u00edmec a \u201ekalhoty\u201c. <a href=\"https:\/\/fifeweb.org\/wp-content\/uploads\/2023\/10\/SIB-NEM.pdf\" target=\"_blank\" rel=\"noreferrer noopener\">F\u00e9d\u00e9ration Internationale F\u00e9line<\/a><\/li>\n\n\n\n<li><strong>Bodov\u00e9 hodnocen\u00ed (v\u00fdb\u011br):<\/strong> hlava 25, t\u011blo 20, srst 20, u\u0161i 10, o\u010di (tvar\/posazen\u00ed + u NEM i barva) 10, ocas 5, barva\/vzor 5, kondice 5. <a href=\"https:\/\/fifeweb.org\/wp-content\/uploads\/2023\/10\/SIB-NEM.pdf\" target=\"_blank\" rel=\"noreferrer noopener\">F\u00e9d\u00e9ration Internationale F\u00e9line<\/a><\/li>\n<\/ul>\n\n\n\n<h2 class=\"wp-block-heading\">Uznan\u00e9 barevn\u00e9 variety (FIFe, EMS)<\/h2>\n\n\n\n<ul class=\"wp-block-list\">\n<li><strong>Vzor:<\/strong> v\u017edy <strong>point<\/strong> dle <strong>EMS 33 (Siamese pointed)<\/strong>. <a href=\"https:\/\/fifeweb.org\/wp-content\/uploads\/2023\/10\/SIB-NEM.pdf\" target=\"_blank\" rel=\"noreferrer noopener\">F\u00e9d\u00e9ration Internationale F\u00e9line<\/a><\/li>\n\n\n\n<li><strong>Povolen\u00e9 point variety:<\/strong> <strong>seal, blue, red, cream, seal\/blue tortie<\/strong>, d\u00e1le <strong>tabby-point<\/strong> (\u201elynx\u201c), <strong>smoke-point<\/strong> a <strong>silver\/golden-point<\/strong>; <strong>v\u0161e t\u00e9\u017e s b\u00edlou<\/strong> (EMS 01\/02\/03\/09). <strong>Jak\u00e9koli mno\u017estv\u00ed b\u00edl\u00e9 je dovoleno.<\/strong> <a href=\"https:\/\/fifeweb.org\/wp-content\/uploads\/2023\/10\/SIB-NEM.pdf\" target=\"_blank\" rel=\"noreferrer noopener\">F\u00e9d\u00e9ration Internationale F\u00e9line<\/a><\/li>\n\n\n\n<li><strong>Nepovolen\u00e9 point variety:<\/strong> <strong>chocolate, lilac, cinnamon, fawn<\/strong> (u NEM zak\u00e1zan\u00e9). <a href=\"https:\/\/fifeweb.org\/wp-content\/uploads\/2023\/10\/SIB-NEM.pdf\" target=\"_blank\" rel=\"noreferrer noopener\">F\u00e9d\u00e9ration Internationale F\u00e9line<\/a><\/li>\n\n\n\n<li><strong>Novinka (FIFe 2025):<\/strong> <strong>\u201ecorin\u201c (EMS k\u00f3d \u201eu\u201c) \u2013 p\u0159edb\u011b\u017en\u011b uznan\u00e1 variety pro SIB\/NEM od 1. 6. 2025.<\/strong><\/li>\n<\/ul>\n","protected":false},"excerpt":{"rendered":"<p>N\u011bvsk\u00e1 ma\u0161kar\u00e1da (NEM) Historie plemene Standard NEM u FIFe (stru\u010dn\u011b) Uznan\u00e9 barevn\u00e9 variety (FIFe, EMS)<\/p>\n","protected":false},"author":1,"featured_media":0,"parent":0,"menu_order":0,"comment_status":"closed","ping_status":"closed","template":"","meta":{"footnotes":""},"class_list":["post-114","page","type-page","status-publish","hentry"],"_links":{"self":[{"href":"https:\/\/www.milevachs.cz\/index.php?rest_route=\/wp\/v2\/pages\/114","targetHints":{"allow":["GET"]}}],"collection":[{"href":"https:\/\/www.milevachs.cz\/index.php?rest_route=\/wp\/v2\/pages"}],"about":[{"href":"https:\/\/www.milevachs.cz\/index.php?rest_route=\/wp\/v2\/types\/page"}],"author":[{"embeddable":true,"href":"https:\/\/www.milevachs.cz\/index.php?rest_route=\/wp\/v2\/users\/1"}],"replies":[{"embeddable":true,"href":"https:\/\/www.milevachs.cz\/index.php?rest_route=%2Fwp%2Fv2%2Fcomments&post=114"}],"version-history":[{"count":2,"href":"https:\/\/www.milevachs.cz\/index.php?rest_route=\/wp\/v2\/pages\/114\/revisions"}],"predecessor-version":[{"id":134,"href":"https:\/\/www.milevachs.cz\/index.php?rest_route=\/wp\/v2\/pages\/114\/revisions\/134"}],"wp:attachment":[{"href":"https:\/\/www.milevachs.cz\/index.php?rest_route=%2Fwp%2Fv2%2Fmedia&parent=114"}],"curies":[{"name":"wp","href":"https:\/\/api.w.org\/{rel}","templated":true}]}}