{"id":2,"date":"2024-01-23T20:39:12","date_gmt":"2024-01-23T20:39:12","guid":{"rendered":"http:\/\/localhost\/wordpress\/?page_id=2"},"modified":"2025-09-05T20:59:50","modified_gmt":"2025-09-05T20:59:50","slug":"about-us","status":"publish","type":"page","link":"https:\/\/www.milevachs.cz\/","title":{"rendered":"O n\u00e1s"},"content":{"rendered":"\n<p class=\"has-black-color has-white-background-color has-text-color has-background has-link-color wp-elements-5b3f3025b4bfc2a1c23de30b4597fe2e\">Na\u0161e chovatelsk\u00e1 stanice vznikla v&nbsp;roce 2022. Specializujeme se na chov plemene N\u011bvsk\u00e1 ma\u0161kar\u00e1da. N\u011bvsk\u00e9 ma\u0161kar\u00e1dy jsou mil\u00e9 a p\u0159\u00edtuln\u00e9. R\u00e1dy si hraj\u00ed i do vysok\u00e9ho v\u011bku. \u0158ad\u00ed se mezi aktivn\u00ed plemena. Jsou citliv\u00e9 a velmi \u010distotn\u00e9. Mnoho let jsou ned\u00edlnou sou\u010d\u00e1sti na\u0161eho \u017eivota.<\/p>\n\n\n<div class=\"wp-block-image is-style-rounded\">\n<figure class=\"aligncenter size-large\"><img loading=\"lazy\" decoding=\"async\" width=\"768\" height=\"1024\" src=\"https:\/\/www.milevachs.cz\/wp-content\/uploads\/2024\/01\/20231003_050022000_iOS-768x1024.jpg\" alt=\"\" class=\"wp-image-8\" srcset=\"https:\/\/www.milevachs.cz\/wp-content\/uploads\/2024\/01\/20231003_050022000_iOS-768x1024.jpg 768w, https:\/\/www.milevachs.cz\/wp-content\/uploads\/2024\/01\/20231003_050022000_iOS-225x300.jpg 225w, https:\/\/www.milevachs.cz\/wp-content\/uploads\/2024\/01\/20231003_050022000_iOS-1152x1536.jpg 1152w, https:\/\/www.milevachs.cz\/wp-content\/uploads\/2024\/01\/20231003_050022000_iOS.jpg 1536w\" sizes=\"auto, (max-width: 768px) 100vw, 768px\" \/><\/figure>\n<\/div>\n\n\n<p>Sv\u00fdm ko\u010dk\u00e1m a ko\u0165at\u016fm v\u011bnujeme maxim\u00e1ln\u00ed p\u00e9\u010di a spoustu \u010dasu, klademe velk\u00fd d\u016fraz p\u0159edev\u0161\u00edm na to, aby se na\u0161e chlupat\u00e9 \u0161elmi\u010dky m\u011bly dob\u0159e. Sna\u017e\u00edme se pro n\u011bj zajistit nejlep\u0161\u00ed podm\u00ednky.&nbsp; Nem\u00e1me v dom\u011b prostory, kam by ko\u010dky nemohly, a je naprostou samoz\u0159ejmosti, \u017ee sp\u00ed s n\u00e1mi v posteli. Maj\u00ed mo\u017enost u\u017e\u00edvat si slun\u00ed\u010dka na velk\u00e9 zahrad\u011b, maj\u00ed k dispozici ko\u010di\u010d\u00ed tr\u00e1vu nebo \u0161\u00e1chor, dv\u011b velk\u00e1 \u0161krabadla pro tr\u00e9novan\u00ed skok\u016f a \u0161plh\u00e1n\u00ed, spoustu pelech\u016f na leno\u0161en\u00ed a nespo\u010det hra\u010dek r\u016fzn\u00e9ho typu (v\u010detn\u011b n\u00e1s).&nbsp; Naprostou samoz\u0159ejmosti je i kvalitn\u00ed krmivo.&nbsp; Uv\u011bdomujeme se, \u017ee ko\u010dky jsou obligatorn\u00edmi (striktn\u00edmi) maso\u017eravci a sna\u017e\u00edme se nab\u00edzet jim j\u00eddlo, kter\u00e9 by nejv\u00edc odpov\u00eddalo jej\u00edch pot\u0159eb\u00e1m. &nbsp;Krm\u00edme metodou BARF (Biologically Appropriate Raw Food), kter\u00e1 nejv\u00edc odpov\u00edd\u00e1 p\u0159irozen\u00e9 strav\u011b ko\u010dek: p\u0159edev\u0161\u00edm \u010derstv\u00fdm syrov\u00fdm masem s r\u016fzn\u00fdmi vitaminov\u00fdmi dopl\u0148ky a miner\u00e1ly, &nbsp;tak\u00e9 mokr\u00fdm krmivem (konzervy, kapsi\u010dky) s vysok\u00fdm obsahem masa.<\/p>\n\n\n\n<figure class=\"wp-block-image size-large is-style-rounded\"><img loading=\"lazy\" decoding=\"async\" width=\"1024\" height=\"768\" src=\"http:\/\/www.milevachs.cz\/wp-content\/uploads\/2024\/01\/20231003_112356000_iOS-1024x768.jpg\" alt=\"\" class=\"wp-image-16\" srcset=\"https:\/\/www.milevachs.cz\/wp-content\/uploads\/2024\/01\/20231003_112356000_iOS-1024x768.jpg 1024w, https:\/\/www.milevachs.cz\/wp-content\/uploads\/2024\/01\/20231003_112356000_iOS-300x225.jpg 300w, https:\/\/www.milevachs.cz\/wp-content\/uploads\/2024\/01\/20231003_112356000_iOS-768x576.jpg 768w, https:\/\/www.milevachs.cz\/wp-content\/uploads\/2024\/01\/20231003_112356000_iOS-1536x1152.jpg 1536w, https:\/\/www.milevachs.cz\/wp-content\/uploads\/2024\/01\/20231003_112356000_iOS-440x330.jpg 440w, https:\/\/www.milevachs.cz\/wp-content\/uploads\/2024\/01\/20231003_112356000_iOS-920x690.jpg 920w, https:\/\/www.milevachs.cz\/wp-content\/uploads\/2024\/01\/20231003_112356000_iOS.jpg 2048w\" sizes=\"auto, (max-width: 1024px) 100vw, 1024px\" \/><\/figure>\n\n\n\n<blockquote class=\"wp-block-quote is-layout-flow wp-block-quote-is-layout-flow\">\n<p>&#8222;Ze v\u0161ech Bo\u017e\u00edch stvo\u0159en\u00ed je jen jedno, kter\u00e9 se nem\u016f\u017ee st\u00e1t otrokem. Je to ko\u010dka.&#8220;<\/p>\n<cite>Mark Twain<\/cite><\/blockquote>\n\n\n\n<figure class=\"wp-block-image size-large\"><img loading=\"lazy\" decoding=\"async\" width=\"1024\" height=\"722\" src=\"http:\/\/www.milevachs.cz\/wp-content\/uploads\/2025\/09\/IMG_20250119_0001-1024x722.jpg\" alt=\"\" class=\"wp-image-87\" srcset=\"https:\/\/www.milevachs.cz\/wp-content\/uploads\/2025\/09\/IMG_20250119_0001-1024x722.jpg 1024w, https:\/\/www.milevachs.cz\/wp-content\/uploads\/2025\/09\/IMG_20250119_0001-300x212.jpg 300w, https:\/\/www.milevachs.cz\/wp-content\/uploads\/2025\/09\/IMG_20250119_0001-768x542.jpg 768w, https:\/\/www.milevachs.cz\/wp-content\/uploads\/2025\/09\/IMG_20250119_0001-1536x1083.jpg 1536w, https:\/\/www.milevachs.cz\/wp-content\/uploads\/2025\/09\/IMG_20250119_0001-2048x1444.jpg 2048w\" sizes=\"auto, (max-width: 1024px) 100vw, 1024px\" \/><\/figure>\n\n\n\n<figure class=\"wp-block-image size-large\"><img loading=\"lazy\" decoding=\"async\" width=\"1024\" height=\"707\" src=\"http:\/\/www.milevachs.cz\/wp-content\/uploads\/2025\/09\/IMG_20250119_0001-2-1024x707.jpg\" alt=\"\" class=\"wp-image-88\" srcset=\"https:\/\/www.milevachs.cz\/wp-content\/uploads\/2025\/09\/IMG_20250119_0001-2-1024x707.jpg 1024w, https:\/\/www.milevachs.cz\/wp-content\/uploads\/2025\/09\/IMG_20250119_0001-2-300x207.jpg 300w, https:\/\/www.milevachs.cz\/wp-content\/uploads\/2025\/09\/IMG_20250119_0001-2-768x530.jpg 768w, https:\/\/www.milevachs.cz\/wp-content\/uploads\/2025\/09\/IMG_20250119_0001-2-1536x1060.jpg 1536w, https:\/\/www.milevachs.cz\/wp-content\/uploads\/2025\/09\/IMG_20250119_0001-2-2048x1413.jpg 2048w\" sizes=\"auto, (max-width: 1024px) 100vw, 1024px\" \/><\/figure>\n\n\n\n<figure class=\"wp-block-image size-large\"><img loading=\"lazy\" decoding=\"async\" width=\"1024\" height=\"601\" src=\"http:\/\/www.milevachs.cz\/wp-content\/uploads\/2025\/09\/Certificate-UMA-Eva-Otavova-1024x601.jpg\" alt=\"\" class=\"wp-image-98\" srcset=\"https:\/\/www.milevachs.cz\/wp-content\/uploads\/2025\/09\/Certificate-UMA-Eva-Otavova-1024x601.jpg 1024w, https:\/\/www.milevachs.cz\/wp-content\/uploads\/2025\/09\/Certificate-UMA-Eva-Otavova-300x176.jpg 300w, https:\/\/www.milevachs.cz\/wp-content\/uploads\/2025\/09\/Certificate-UMA-Eva-Otavova-768x451.jpg 768w, https:\/\/www.milevachs.cz\/wp-content\/uploads\/2025\/09\/Certificate-UMA-Eva-Otavova-1536x902.jpg 1536w, https:\/\/www.milevachs.cz\/wp-content\/uploads\/2025\/09\/Certificate-UMA-Eva-Otavova.jpg 1619w\" sizes=\"auto, (max-width: 1024px) 100vw, 1024px\" \/><\/figure>\n\n\n\n<figure class=\"wp-block-image size-large\"><img loading=\"lazy\" decoding=\"async\" width=\"1024\" height=\"615\" src=\"http:\/\/www.milevachs.cz\/wp-content\/uploads\/2025\/09\/Certificate-UMI-Eva-Otavova-1024x615.jpg\" alt=\"\" class=\"wp-image-97\" srcset=\"https:\/\/www.milevachs.cz\/wp-content\/uploads\/2025\/09\/Certificate-UMI-Eva-Otavova-1024x615.jpg 1024w, https:\/\/www.milevachs.cz\/wp-content\/uploads\/2025\/09\/Certificate-UMI-Eva-Otavova-300x180.jpg 300w, https:\/\/www.milevachs.cz\/wp-content\/uploads\/2025\/09\/Certificate-UMI-Eva-Otavova-768x461.jpg 768w, https:\/\/www.milevachs.cz\/wp-content\/uploads\/2025\/09\/Certificate-UMI-Eva-Otavova-1536x922.jpg 1536w, https:\/\/www.milevachs.cz\/wp-content\/uploads\/2025\/09\/Certificate-UMI-Eva-Otavova.jpg 1663w\" sizes=\"auto, (max-width: 1024px) 100vw, 1024px\" \/><\/figure>\n","protected":false},"excerpt":{"rendered":"<p>Na\u0161e chovatelsk\u00e1 stanice vznikla v&nbsp;roce 2022. Specializujeme se na chov plemene N\u011bvsk\u00e1 ma\u0161kar\u00e1da. N\u011bvsk\u00e9 ma\u0161kar\u00e1dy jsou mil\u00e9 a p\u0159\u00edtuln\u00e9. R\u00e1dy<\/p>\n<p><a href=\"https:\/\/www.milevachs.cz\/\" class=\"more-link\">Continue reading<span class=\"screen-reader-text\">O n\u00e1s<\/span><\/a><\/p>\n","protected":false},"author":1,"featured_media":0,"parent":0,"menu_order":1,"comment_status":"closed","ping_status":"closed","template":"","meta":{"footnotes":""},"class_list":["post-2","page","type-page","status-publish","hentry"],"_links":{"self":[{"href":"https:\/\/www.milevachs.cz\/index.php?rest_route=\/wp\/v2\/pages\/2","targetHints":{"allow":["GET"]}}],"collection":[{"href":"https:\/\/www.milevachs.cz\/index.php?rest_route=\/wp\/v2\/pages"}],"about":[{"href":"https:\/\/www.milevachs.cz\/index.php?rest_route=\/wp\/v2\/types\/page"}],"author":[{"embeddable":true,"href":"https:\/\/www.milevachs.cz\/index.php?rest_route=\/wp\/v2\/users\/1"}],"replies":[{"embeddable":true,"href":"https:\/\/www.milevachs.cz\/index.php?rest_route=%2Fwp%2Fv2%2Fcomments&post=2"}],"version-history":[{"count":8,"href":"https:\/\/www.milevachs.cz\/index.php?rest_route=\/wp\/v2\/pages\/2\/revisions"}],"predecessor-version":[{"id":120,"href":"https:\/\/www.milevachs.cz\/index.php?rest_route=\/wp\/v2\/pages\/2\/revisions\/120"}],"wp:attachment":[{"href":"https:\/\/www.milevachs.cz\/index.php?rest_route=%2Fwp%2Fv2%2Fmedia&parent=2"}],"curies":[{"name":"wp","href":"https:\/\/api.w.org\/{rel}","templated":true}]}}