{"id":59,"date":"2024-01-27T16:55:17","date_gmt":"2024-01-27T16:55:17","guid":{"rendered":"https:\/\/www.milevachs.cz\/?page_id=59"},"modified":"2025-09-05T21:42:55","modified_gmt":"2025-09-05T21:42:55","slug":"kontakt-contact","status":"publish","type":"page","link":"https:\/\/www.milevachs.cz\/?page_id=59","title":{"rendered":"Kontakt"},"content":{"rendered":"\n<p><br><br><strong>Eva Otavov\u00e1 Jan\u010d\u00e1rkov\u00e1<\/strong><br>539 43 Krouna 373<br><\/p>\n\n\n\n<p><a href=\"mailto:info%40darkpaws.cz\">info@milevachs.cz<\/a><\/p>\n\n\n\n<p>+420 733 189 921<\/p>\n\n\n\n<p><a href=\"http:\/\/www.milevachs.cz\" data-type=\"link\" data-id=\"www.milevachs.cz\">www.milevachs.cz<\/a><\/p>\n\n\n\n<figure class=\"wp-block-image size-thumbnail is-resized\"><img loading=\"lazy\" decoding=\"async\" width=\"150\" height=\"150\" src=\"https:\/\/www.milevachs.cz\/wp-content\/uploads\/2025\/09\/2021_Facebook_icon.svg_-150x150.webp\" alt=\"\" class=\"wp-image-132\" style=\"width:50px\" srcset=\"https:\/\/www.milevachs.cz\/wp-content\/uploads\/2025\/09\/2021_Facebook_icon.svg_-150x150.webp 150w, https:\/\/www.milevachs.cz\/wp-content\/uploads\/2025\/09\/2021_Facebook_icon.svg_-300x300.webp 300w, https:\/\/www.milevachs.cz\/wp-content\/uploads\/2025\/09\/2021_Facebook_icon.svg_-1024x1024.webp 1024w, https:\/\/www.milevachs.cz\/wp-content\/uploads\/2025\/09\/2021_Facebook_icon.svg_-768x768.webp 768w, https:\/\/www.milevachs.cz\/wp-content\/uploads\/2025\/09\/2021_Facebook_icon.svg_-1536x1536.webp 1536w, https:\/\/www.milevachs.cz\/wp-content\/uploads\/2025\/09\/2021_Facebook_icon.svg_-666x666.webp 666w, https:\/\/www.milevachs.cz\/wp-content\/uploads\/2025\/09\/2021_Facebook_icon.svg_.webp 2048w\" sizes=\"auto, (max-width: 150px) 100vw, 150px\" \/><\/figure>\n\n\n\n<p><a href=\"https:\/\/www.facebook.com\/profile.php?id=100095384193790\">https:\/\/www.facebook.com\/profile.php?id=100095384193790<\/a><\/p>\n\n\n\n<iframe src=\"https:\/\/www.google.com\/maps\/embed?pb=!1m18!1m12!1m3!1d2576.6470374488363!2d16.026614577680167!3d49.77389607147097!2m3!1f0!2f0!3f0!3m2!1i1024!2i768!4f13.1!3m3!1m2!1s0x470dbda123dcd99f%3A0x35f73a2f63743493!2sKrouna%20373%2C%20539%2043%20Krouna!5e0!3m2!1scs!2scz!4v1757107311613!5m2!1scs!2scz\" width=\"600\" height=\"450\" style=\"border:0;\" allowfullscreen=\"\" loading=\"lazy\" referrerpolicy=\"no-referrer-when-downgrade\"><\/iframe>\n\n\n\n<p><\/p>\n\n\n\n<p><\/p>\n\n\n\n<p><\/p>\n","protected":false},"excerpt":{"rendered":"<p>Eva Otavov\u00e1 Jan\u010d\u00e1rkov\u00e1539 43 Krouna 373 info@milevachs.cz +420 733 189 921 www.milevachs.cz https:\/\/www.facebook.com\/profile.php?id=100095384193790<\/p>\n","protected":false},"author":1,"featured_media":0,"parent":0,"menu_order":50,"comment_status":"closed","ping_status":"closed","template":"","meta":{"footnotes":""},"class_list":["post-59","page","type-page","status-publish","hentry"],"_links":{"self":[{"href":"https:\/\/www.milevachs.cz\/index.php?rest_route=\/wp\/v2\/pages\/59","targetHints":{"allow":["GET"]}}],"collection":[{"href":"https:\/\/www.milevachs.cz\/index.php?rest_route=\/wp\/v2\/pages"}],"about":[{"href":"https:\/\/www.milevachs.cz\/index.php?rest_route=\/wp\/v2\/types\/page"}],"author":[{"embeddable":true,"href":"https:\/\/www.milevachs.cz\/index.php?rest_route=\/wp\/v2\/users\/1"}],"replies":[{"embeddable":true,"href":"https:\/\/www.milevachs.cz\/index.php?rest_route=%2Fwp%2Fv2%2Fcomments&post=59"}],"version-history":[{"count":9,"href":"https:\/\/www.milevachs.cz\/index.php?rest_route=\/wp\/v2\/pages\/59\/revisions"}],"predecessor-version":[{"id":133,"href":"https:\/\/www.milevachs.cz\/index.php?rest_route=\/wp\/v2\/pages\/59\/revisions\/133"}],"wp:attachment":[{"href":"https:\/\/www.milevachs.cz\/index.php?rest_route=%2Fwp%2Fv2%2Fmedia&parent=59"}],"curies":[{"name":"wp","href":"https:\/\/api.w.org\/{rel}","templated":true}]}}