{"id":66,"date":"2025-09-03T07:39:36","date_gmt":"2025-09-03T07:39:36","guid":{"rendered":"https:\/\/www.milevachs.cz\/?page_id=66"},"modified":"2025-09-05T20:48:34","modified_gmt":"2025-09-05T20:48:34","slug":"kastrati","status":"publish","type":"page","link":"https:\/\/www.milevachs.cz\/?page_id=66","title":{"rendered":"Kastr\u00e1ti"},"content":{"rendered":"\n<p>-Gina White Comfort.CZ (EMS kod,datum narozen\u00ed,rodi\u010de,odkaz na rodokmen,zdravotn\u00ed testy,krevn\u00ed skupina,v\u00fdstavn\u00ed \u00fasp\u011bchy,fotogalerie)<\/p>\n\n\n\n<p>-Borodin Snejnaya zima RU\/CZ (EMS kod,datum narozen\u00ed,rodi\u010de,odkaz na rodokmen,zdravotn\u00ed testy,krevn\u00ed skupina,v\u00fdstavn\u00ed \u00fasp\u011bchy,fotogalerie)<\/p>\n\n\n\n<p><\/p>\n","protected":false},"excerpt":{"rendered":"<p>-Gina White Comfort.CZ (EMS kod,datum narozen\u00ed,rodi\u010de,odkaz na rodokmen,zdravotn\u00ed testy,krevn\u00ed skupina,v\u00fdstavn\u00ed \u00fasp\u011bchy,fotogalerie) -Borodin Snejnaya zima RU\/CZ (EMS kod,datum narozen\u00ed,rodi\u010de,odkaz na rodokmen,zdravotn\u00ed<\/p>\n<p><a href=\"https:\/\/www.milevachs.cz\/?page_id=66\" class=\"more-link\">Continue reading<span class=\"screen-reader-text\">Kastr\u00e1ti<\/span><\/a><\/p>\n","protected":false},"author":1,"featured_media":0,"parent":0,"menu_order":0,"comment_status":"closed","ping_status":"closed","template":"","meta":{"footnotes":""},"class_list":["post-66","page","type-page","status-publish","hentry"],"_links":{"self":[{"href":"https:\/\/www.milevachs.cz\/index.php?rest_route=\/wp\/v2\/pages\/66","targetHints":{"allow":["GET"]}}],"collection":[{"href":"https:\/\/www.milevachs.cz\/index.php?rest_route=\/wp\/v2\/pages"}],"about":[{"href":"https:\/\/www.milevachs.cz\/index.php?rest_route=\/wp\/v2\/types\/page"}],"author":[{"embeddable":true,"href":"https:\/\/www.milevachs.cz\/index.php?rest_route=\/wp\/v2\/users\/1"}],"replies":[{"embeddable":true,"href":"https:\/\/www.milevachs.cz\/index.php?rest_route=%2Fwp%2Fv2%2Fcomments&post=66"}],"version-history":[{"count":3,"href":"https:\/\/www.milevachs.cz\/index.php?rest_route=\/wp\/v2\/pages\/66\/revisions"}],"predecessor-version":[{"id":100,"href":"https:\/\/www.milevachs.cz\/index.php?rest_route=\/wp\/v2\/pages\/66\/revisions\/100"}],"wp:attachment":[{"href":"https:\/\/www.milevachs.cz\/index.php?rest_route=%2Fwp%2Fv2%2Fmedia&parent=66"}],"curies":[{"name":"wp","href":"https:\/\/api.w.org\/{rel}","templated":true}]}}