{"id":75,"date":"2025-09-03T07:55:24","date_gmt":"2025-09-03T07:55:24","guid":{"rendered":"https:\/\/www.milevachs.cz\/?page_id=75"},"modified":"2025-09-05T20:48:45","modified_gmt":"2025-09-05T20:48:45","slug":"kocky","status":"publish","type":"page","link":"https:\/\/www.milevachs.cz\/?page_id=75","title":{"rendered":"Ko\u010dky"},"content":{"rendered":"\n<p>-Helen White Witch .CZ (EMS kod,datum narozen\u00ed,rodi\u010de,odkaz na rodokmen,zdravotn\u00ed testy,krevn\u00ed skupina,v\u00fdstavn\u00ed \u00fasp\u011bchy,fotogalerie)<\/p>\n\n\n\n<p>-Angelina Mileva .CZ (EMS kod,datum narozen\u00ed,rodi\u010de,odkaz na rodokmen,zdravotn\u00ed testy,krevn\u00ed skupina,v\u00fdstavn\u00ed \u00fasp\u011bchy,fotogalerie)<\/p>\n","protected":false},"excerpt":{"rendered":"<p>-Helen White Witch .CZ (EMS kod,datum narozen\u00ed,rodi\u010de,odkaz na rodokmen,zdravotn\u00ed testy,krevn\u00ed skupina,v\u00fdstavn\u00ed \u00fasp\u011bchy,fotogalerie) -Angelina Mileva .CZ (EMS kod,datum narozen\u00ed,rodi\u010de,odkaz na rodokmen,zdravotn\u00ed<\/p>\n<p><a href=\"https:\/\/www.milevachs.cz\/?page_id=75\" class=\"more-link\">Continue reading<span class=\"screen-reader-text\">Ko\u010dky<\/span><\/a><\/p>\n","protected":false},"author":1,"featured_media":0,"parent":0,"menu_order":0,"comment_status":"closed","ping_status":"closed","template":"","meta":{"footnotes":""},"class_list":["post-75","page","type-page","status-publish","hentry"],"_links":{"self":[{"href":"https:\/\/www.milevachs.cz\/index.php?rest_route=\/wp\/v2\/pages\/75","targetHints":{"allow":["GET"]}}],"collection":[{"href":"https:\/\/www.milevachs.cz\/index.php?rest_route=\/wp\/v2\/pages"}],"about":[{"href":"https:\/\/www.milevachs.cz\/index.php?rest_route=\/wp\/v2\/types\/page"}],"author":[{"embeddable":true,"href":"https:\/\/www.milevachs.cz\/index.php?rest_route=\/wp\/v2\/users\/1"}],"replies":[{"embeddable":true,"href":"https:\/\/www.milevachs.cz\/index.php?rest_route=%2Fwp%2Fv2%2Fcomments&post=75"}],"version-history":[{"count":2,"href":"https:\/\/www.milevachs.cz\/index.php?rest_route=\/wp\/v2\/pages\/75\/revisions"}],"predecessor-version":[{"id":101,"href":"https:\/\/www.milevachs.cz\/index.php?rest_route=\/wp\/v2\/pages\/75\/revisions\/101"}],"wp:attachment":[{"href":"https:\/\/www.milevachs.cz\/index.php?rest_route=%2Fwp%2Fv2%2Fmedia&parent=75"}],"curies":[{"name":"wp","href":"https:\/\/api.w.org\/{rel}","templated":true}]}}